{"id":34,"date":"2025-11-03T07:57:24","date_gmt":"2025-11-03T10:57:24","guid":{"rendered":"http:\/\/qualitronix.local\/?page_id=34"},"modified":"2026-04-14T15:33:30","modified_gmt":"2026-04-14T18:33:30","slug":"solucoes-em-tecnologia-qualitronix","status":"publish","type":"page","link":"https:\/\/qualitronix.siteup.dev\/es\/","title":{"rendered":"Home"},"content":{"rendered":"","protected":false},"excerpt":{"rendered":"","protected":false},"author":1,"featured_media":0,"parent":0,"menu_order":0,"comment_status":"closed","ping_status":"closed","template":"front-page.php","meta":{"_acf_changed":false,"footnotes":""},"class_list":["post-34","page","type-page","status-publish","hentry"],"acf":[],"yoast_head":"<!-- This site is optimized with the Yoast SEO Premium plugin v27.3 (Yoast SEO v26.5) - https:\/\/yoast.com\/wordpress\/plugins\/seo\/ -->\n<title>Solu\u00e7\u00f5es em Tecnologia | Qualitronix<\/title>\n<meta name=\"description\" content=\"Solu\u00e7\u00f5es em Tecnologia para empresas que buscam inova\u00e7\u00e3o, seguran\u00e7a e efici\u00eancia. Conhe\u00e7a a Qualitronix e transforme sua opera\u00e7\u00e3o.\" \/>\n<meta name=\"robots\" content=\"noindex, follow, max-snippet:-1, max-image-preview:large, max-video-preview:-1\" \/>\n<meta property=\"og:locale\" content=\"es_ES\" \/>\n<meta property=\"og:type\" content=\"article\" \/>\n<meta property=\"og:title\" content=\"Solu\u00e7\u00f5es em Tecnologia | Qualitronix\" \/>\n<meta property=\"og:description\" content=\"Solu\u00e7\u00f5es em Tecnologia para empresas que buscam inova\u00e7\u00e3o, seguran\u00e7a e efici\u00eancia. Conhe\u00e7a a Qualitronix e transforme sua opera\u00e7\u00e3o.\" \/>\n<meta property=\"og:url\" content=\"http:\/\/qualitronix.siteup.dev\/es\/\" \/>\n<meta property=\"og:site_name\" content=\"Qualitronix\" \/>\n<meta property=\"article:modified_time\" content=\"2026-04-14T18:33:30+00:00\" \/>\n<meta property=\"og:image\" content=\"https:\/\/qualitronix.siteup.dev\/wp-content\/uploads\/2026\/04\/Design-sem-nome-5.jpg\" \/>\n\t<meta property=\"og:image:width\" content=\"1200\" \/>\n\t<meta property=\"og:image:height\" content=\"628\" \/>\n\t<meta property=\"og:image:type\" content=\"image\/jpeg\" \/>\n<meta name=\"twitter:card\" content=\"summary_large_image\" \/>\n<script type=\"application\/ld+json\" class=\"yoast-schema-graph\">{\"@context\":\"https:\/\/schema.org\",\"@graph\":[{\"@type\":\"WebPage\",\"@id\":\"http:\/\/qualitronix.siteup.dev\/\",\"url\":\"http:\/\/qualitronix.siteup.dev\/\",\"name\":\"Solu\u00e7\u00f5es em Tecnologia | Qualitronix\",\"isPartOf\":{\"@id\":\"http:\/\/qualitronix.siteup.dev\/#website\"},\"datePublished\":\"2025-11-03T10:57:24+00:00\",\"dateModified\":\"2026-04-14T18:33:30+00:00\",\"description\":\"Solu\u00e7\u00f5es em Tecnologia para empresas que buscam inova\u00e7\u00e3o, seguran\u00e7a e efici\u00eancia. Conhe\u00e7a a Qualitronix e transforme sua opera\u00e7\u00e3o.\",\"breadcrumb\":{\"@id\":\"http:\/\/qualitronix.siteup.dev\/#breadcrumb\"},\"inLanguage\":\"es-ES\",\"potentialAction\":[{\"@type\":\"ReadAction\",\"target\":[\"http:\/\/qualitronix.siteup.dev\/\"]}]},{\"@type\":\"BreadcrumbList\",\"@id\":\"http:\/\/qualitronix.siteup.dev\/#breadcrumb\",\"itemListElement\":[{\"@type\":\"ListItem\",\"position\":1,\"name\":\"Home\",\"item\":\"http:\/\/qualitronix.siteup.dev\/\"},{\"@type\":\"ListItem\",\"position\":2,\"name\":\"Home\"}]},{\"@type\":\"WebSite\",\"@id\":\"http:\/\/qualitronix.siteup.dev\/#website\",\"url\":\"http:\/\/qualitronix.siteup.dev\/\",\"name\":\"Qualitronix\",\"description\":\"\",\"potentialAction\":[{\"@type\":\"SearchAction\",\"target\":{\"@type\":\"EntryPoint\",\"urlTemplate\":\"http:\/\/qualitronix.siteup.dev\/?s={search_term_string}\"},\"query-input\":{\"@type\":\"PropertyValueSpecification\",\"valueRequired\":true,\"valueName\":\"search_term_string\"}}],\"inLanguage\":\"es-ES\"}]}<\/script>\n<!-- \/ Yoast SEO Premium plugin. -->","yoast_head_json":{"title":"Solu\u00e7\u00f5es em Tecnologia | Qualitronix","description":"Solu\u00e7\u00f5es em Tecnologia para empresas que buscam inova\u00e7\u00e3o, seguran\u00e7a e efici\u00eancia. Conhe\u00e7a a Qualitronix e transforme sua opera\u00e7\u00e3o.","robots":{"index":"noindex","follow":"follow","max-snippet":"max-snippet:-1","max-image-preview":"max-image-preview:large","max-video-preview":"max-video-preview:-1"},"og_locale":"es_ES","og_type":"article","og_title":"Solu\u00e7\u00f5es em Tecnologia | Qualitronix","og_description":"Solu\u00e7\u00f5es em Tecnologia para empresas que buscam inova\u00e7\u00e3o, seguran\u00e7a e efici\u00eancia. Conhe\u00e7a a Qualitronix e transforme sua opera\u00e7\u00e3o.","og_url":"http:\/\/qualitronix.siteup.dev\/es\/","og_site_name":"Qualitronix","article_modified_time":"2026-04-14T18:33:30+00:00","og_image":[{"width":1200,"height":628,"url":"https:\/\/qualitronix.siteup.dev\/wp-content\/uploads\/2026\/04\/Design-sem-nome-5.jpg","type":"image\/jpeg"}],"twitter_card":"summary_large_image","schema":{"@context":"https:\/\/schema.org","@graph":[{"@type":"WebPage","@id":"http:\/\/qualitronix.siteup.dev\/","url":"http:\/\/qualitronix.siteup.dev\/","name":"Solu\u00e7\u00f5es em Tecnologia | Qualitronix","isPartOf":{"@id":"http:\/\/qualitronix.siteup.dev\/#website"},"datePublished":"2025-11-03T10:57:24+00:00","dateModified":"2026-04-14T18:33:30+00:00","description":"Solu\u00e7\u00f5es em Tecnologia para empresas que buscam inova\u00e7\u00e3o, seguran\u00e7a e efici\u00eancia. Conhe\u00e7a a Qualitronix e transforme sua opera\u00e7\u00e3o.","breadcrumb":{"@id":"http:\/\/qualitronix.siteup.dev\/#breadcrumb"},"inLanguage":"es-ES","potentialAction":[{"@type":"ReadAction","target":["http:\/\/qualitronix.siteup.dev\/"]}]},{"@type":"BreadcrumbList","@id":"http:\/\/qualitronix.siteup.dev\/#breadcrumb","itemListElement":[{"@type":"ListItem","position":1,"name":"Home","item":"http:\/\/qualitronix.siteup.dev\/"},{"@type":"ListItem","position":2,"name":"Home"}]},{"@type":"WebSite","@id":"http:\/\/qualitronix.siteup.dev\/#website","url":"http:\/\/qualitronix.siteup.dev\/","name":"Qualitronix","description":"","potentialAction":[{"@type":"SearchAction","target":{"@type":"EntryPoint","urlTemplate":"http:\/\/qualitronix.siteup.dev\/?s={search_term_string}"},"query-input":{"@type":"PropertyValueSpecification","valueRequired":true,"valueName":"search_term_string"}}],"inLanguage":"es-ES"}]}},"_links":{"self":[{"href":"https:\/\/qualitronix.siteup.dev\/es\/wp-json\/wp\/v2\/pages\/34","targetHints":{"allow":["GET"]}}],"collection":[{"href":"https:\/\/qualitronix.siteup.dev\/es\/wp-json\/wp\/v2\/pages"}],"about":[{"href":"https:\/\/qualitronix.siteup.dev\/es\/wp-json\/wp\/v2\/types\/page"}],"author":[{"embeddable":true,"href":"https:\/\/qualitronix.siteup.dev\/es\/wp-json\/wp\/v2\/users\/1"}],"replies":[{"embeddable":true,"href":"https:\/\/qualitronix.siteup.dev\/es\/wp-json\/wp\/v2\/comments?post=34"}],"version-history":[{"count":37,"href":"https:\/\/qualitronix.siteup.dev\/es\/wp-json\/wp\/v2\/pages\/34\/revisions"}],"predecessor-version":[{"id":667,"href":"https:\/\/qualitronix.siteup.dev\/es\/wp-json\/wp\/v2\/pages\/34\/revisions\/667"}],"wp:attachment":[{"href":"https:\/\/qualitronix.siteup.dev\/es\/wp-json\/wp\/v2\/media?parent=34"}],"curies":[{"name":"wp","href":"https:\/\/api.w.org\/{rel}","templated":true}]}}