{"id":512,"date":"2026-01-12T02:51:30","date_gmt":"2026-01-12T05:51:30","guid":{"rendered":"http:\/\/qualitronix2.local\/?post_type=product&#038;p=512"},"modified":"2026-01-12T02:59:13","modified_gmt":"2026-01-12T05:59:13","slug":"controle-remoto-para-ventilador-e-lampada-modelo-qv40","status":"publish","type":"product","link":"https:\/\/qualitronix.siteup.dev\/es\/product\/controle-remoto-para-ventilador-e-lampada-modelo-qv40\/","title":{"rendered":"Controle Remoto para Ventilador e L\u00e2mpada &#8211; Modelo: QV40"},"content":{"rendered":"<p>CONTROLE REMOTO PARA VENTILADOR E L\u00c2MPADA | MODELO: QV40<\/p>\n<p>Produto inteligente, sendo poss\u00edvel controlar a velocidade do ventilador no modo de ventila\u00e7\u00e3o ou exaust\u00e3o, a intensidade de luminosidade da l\u00e2mpada (quando dimeriz\u00e1veis), programar um TIMER para desligamento autom\u00e1tico tanto do ventilador quanto do seu giro e o simples ligar ou desligar do ventilador ou l\u00e2mpada, tudo atrav\u00e9s do controle remoto infravermelho.<br \/>\nPoss\u00edvel programar teclas de outros controles remotos!<\/p>","protected":false},"excerpt":{"rendered":"<div class=\"text-base my-auto mx-auto pb-10 [--thread-content-margin:--spacing(4)] @w-sm\/main:[--thread-content-margin:--spacing(6)] @w-lg\/main:[--thread-content-margin:--spacing(16)] px-(--thread-content-margin)\">\n<div class=\"[--thread-content-max-width:40rem] @w-lg\/main:[--thread-content-max-width:48rem] mx-auto max-w-(--thread-content-max-width) flex-1 group\/turn-messages focus-visible:outline-hidden relative flex w-full min-w-0 flex-col agent-turn\" tabindex=\"-1\">\n<div class=\"flex max-w-full flex-col grow\">\n<div class=\"min-h-8 text-message relative flex w-full flex-col items-end gap-2 text-start break-words whitespace-normal [.text-message+&amp;]:mt-1\" dir=\"auto\" data-message-author-role=\"assistant\" data-message-id=\"b597e78a-818b-43f2-8f58-3c35d9a02c13\" data-message-model-slug=\"gpt-5-2-thinking\">\n<div class=\"flex w-full flex-col gap-1 empty:hidden first:pt-[1px]\">\n<div class=\"markdown prose dark:prose-invert w-full break-words dark markdown-new-styling\">\n<p data-start=\"0\" data-end=\"132\" data-is-last-node=\"\" data-is-only-node=\"\">Controle remoto IR QV40: liga\/desliga ventilador e l\u00e2mpada, ajusta velocidade (vent\/exaust\u00e3o), dimeriza luz, timer e aprende teclas.<\/p>\n<\/div>\n<\/div>\n<\/div>\n<\/div>\n<\/div>\n<\/div>","protected":false},"featured_media":516,"comment_status":"open","ping_status":"closed","template":"","meta":{"_acf_changed":false},"product_brand":[],"product_cat":[23],"product_tag":[],"linha_produto":[],"class_list":{"0":"post-512","1":"product","2":"type-product","3":"status-publish","4":"has-post-thumbnail","6":"product_cat-controles-e-temporizadores","8":"first","9":"instock","10":"shipping-taxable","11":"product-type-simple"},"acf":[],"yoast_head":"<!-- This site is optimized with the Yoast SEO Premium plugin v27.3 (Yoast SEO v26.5) - https:\/\/yoast.com\/wordpress\/plugins\/seo\/ -->\n<title>Controle Remoto para Ventilador e L\u00e2mpada - Modelo: QV40 | Qualitronix<\/title>\n<meta name=\"robots\" content=\"noindex, follow, max-snippet:-1, max-image-preview:large, max-video-preview:-1\" \/>\n<meta property=\"og:locale\" content=\"es_ES\" \/>\n<meta property=\"og:type\" content=\"article\" \/>\n<meta property=\"og:title\" content=\"Controle Remoto para Ventilador e L\u00e2mpada - Modelo: QV40 | Qualitronix\" \/>\n<meta property=\"og:description\" content=\"Controle remoto IR QV40: liga\/desliga ventilador e l\u00e2mpada, ajusta velocidade (vent\/exaust\u00e3o), dimeriza luz, timer e aprende teclas.\" \/>\n<meta property=\"og:url\" content=\"https:\/\/qualitronix.siteup.dev\/es\/product\/controle-remoto-para-ventilador-e-lampada-modelo-qv40\/\" \/>\n<meta property=\"og:site_name\" content=\"Qualitronix\" \/>\n<meta property=\"article:modified_time\" content=\"2026-01-12T05:59:13+00:00\" \/>\n<meta property=\"og:image\" content=\"https:\/\/qualitronix.siteup.dev\/wp-content\/uploads\/2026\/01\/QV40-1.png\" \/>\n\t<meta property=\"og:image:width\" content=\"800\" \/>\n\t<meta property=\"og:image:height\" content=\"600\" \/>\n\t<meta property=\"og:image:type\" content=\"image\/png\" \/>\n<meta name=\"twitter:card\" content=\"summary_large_image\" \/>\n<script type=\"application\/ld+json\" class=\"yoast-schema-graph\">{\"@context\":\"https:\/\/schema.org\",\"@graph\":[{\"@type\":\"WebPage\",\"@id\":\"https:\/\/qualitronix.siteup.dev\/produto\/controle-remoto-para-ventilador-e-lampada-modelo-qv40\/\",\"url\":\"https:\/\/qualitronix.siteup.dev\/produto\/controle-remoto-para-ventilador-e-lampada-modelo-qv40\/\",\"name\":\"Controle Remoto para Ventilador e L\u00e2mpada - Modelo: QV40 | Qualitronix\",\"isPartOf\":{\"@id\":\"http:\/\/qualitronix.siteup.dev\/#website\"},\"primaryImageOfPage\":{\"@id\":\"https:\/\/qualitronix.siteup.dev\/produto\/controle-remoto-para-ventilador-e-lampada-modelo-qv40\/#primaryimage\"},\"image\":{\"@id\":\"https:\/\/qualitronix.siteup.dev\/produto\/controle-remoto-para-ventilador-e-lampada-modelo-qv40\/#primaryimage\"},\"thumbnailUrl\":\"https:\/\/qualitronix.siteup.dev\/wp-content\/uploads\/2026\/01\/QV40-1.png\",\"datePublished\":\"2026-01-12T05:51:30+00:00\",\"dateModified\":\"2026-01-12T05:59:13+00:00\",\"breadcrumb\":{\"@id\":\"https:\/\/qualitronix.siteup.dev\/produto\/controle-remoto-para-ventilador-e-lampada-modelo-qv40\/#breadcrumb\"},\"inLanguage\":\"es-ES\",\"potentialAction\":[{\"@type\":\"ReadAction\",\"target\":[\"https:\/\/qualitronix.siteup.dev\/produto\/controle-remoto-para-ventilador-e-lampada-modelo-qv40\/\"]}]},{\"@type\":\"ImageObject\",\"inLanguage\":\"es-ES\",\"@id\":\"https:\/\/qualitronix.siteup.dev\/produto\/controle-remoto-para-ventilador-e-lampada-modelo-qv40\/#primaryimage\",\"url\":\"https:\/\/qualitronix.siteup.dev\/wp-content\/uploads\/2026\/01\/QV40-1.png\",\"contentUrl\":\"https:\/\/qualitronix.siteup.dev\/wp-content\/uploads\/2026\/01\/QV40-1.png\",\"width\":800,\"height\":600},{\"@type\":\"BreadcrumbList\",\"@id\":\"https:\/\/qualitronix.siteup.dev\/produto\/controle-remoto-para-ventilador-e-lampada-modelo-qv40\/#breadcrumb\",\"itemListElement\":[{\"@type\":\"ListItem\",\"position\":1,\"name\":\"Home\",\"item\":\"http:\/\/qualitronix.siteup.dev\/\"},{\"@type\":\"ListItem\",\"position\":2,\"name\":\"Produtos\",\"item\":\"https:\/\/qualitronix.siteup.dev\/shop\/\"},{\"@type\":\"ListItem\",\"position\":3,\"name\":\"Controle Remoto para Ventilador e L\u00e2mpada &#8211; Modelo: QV40\"}]},{\"@type\":\"WebSite\",\"@id\":\"http:\/\/qualitronix.siteup.dev\/#website\",\"url\":\"http:\/\/qualitronix.siteup.dev\/\",\"name\":\"Qualitronix\",\"description\":\"\",\"potentialAction\":[{\"@type\":\"SearchAction\",\"target\":{\"@type\":\"EntryPoint\",\"urlTemplate\":\"http:\/\/qualitronix.siteup.dev\/?s={search_term_string}\"},\"query-input\":{\"@type\":\"PropertyValueSpecification\",\"valueRequired\":true,\"valueName\":\"search_term_string\"}}],\"inLanguage\":\"es-ES\"}]}<\/script>\n<!-- \/ Yoast SEO Premium plugin. -->","yoast_head_json":{"title":"Controle Remoto para Ventilador e L\u00e2mpada - Modelo: QV40 | Qualitronix","robots":{"index":"noindex","follow":"follow","max-snippet":"max-snippet:-1","max-image-preview":"max-image-preview:large","max-video-preview":"max-video-preview:-1"},"og_locale":"es_ES","og_type":"article","og_title":"Controle Remoto para Ventilador e L\u00e2mpada - Modelo: QV40 | Qualitronix","og_description":"Controle remoto IR QV40: liga\/desliga ventilador e l\u00e2mpada, ajusta velocidade (vent\/exaust\u00e3o), dimeriza luz, timer e aprende teclas.","og_url":"https:\/\/qualitronix.siteup.dev\/es\/product\/controle-remoto-para-ventilador-e-lampada-modelo-qv40\/","og_site_name":"Qualitronix","article_modified_time":"2026-01-12T05:59:13+00:00","og_image":[{"width":800,"height":600,"url":"https:\/\/qualitronix.siteup.dev\/wp-content\/uploads\/2026\/01\/QV40-1.png","type":"image\/png"}],"twitter_card":"summary_large_image","schema":{"@context":"https:\/\/schema.org","@graph":[{"@type":"WebPage","@id":"https:\/\/qualitronix.siteup.dev\/produto\/controle-remoto-para-ventilador-e-lampada-modelo-qv40\/","url":"https:\/\/qualitronix.siteup.dev\/produto\/controle-remoto-para-ventilador-e-lampada-modelo-qv40\/","name":"Controle Remoto para Ventilador e L\u00e2mpada - Modelo: QV40 | Qualitronix","isPartOf":{"@id":"http:\/\/qualitronix.siteup.dev\/#website"},"primaryImageOfPage":{"@id":"https:\/\/qualitronix.siteup.dev\/produto\/controle-remoto-para-ventilador-e-lampada-modelo-qv40\/#primaryimage"},"image":{"@id":"https:\/\/qualitronix.siteup.dev\/produto\/controle-remoto-para-ventilador-e-lampada-modelo-qv40\/#primaryimage"},"thumbnailUrl":"https:\/\/qualitronix.siteup.dev\/wp-content\/uploads\/2026\/01\/QV40-1.png","datePublished":"2026-01-12T05:51:30+00:00","dateModified":"2026-01-12T05:59:13+00:00","breadcrumb":{"@id":"https:\/\/qualitronix.siteup.dev\/produto\/controle-remoto-para-ventilador-e-lampada-modelo-qv40\/#breadcrumb"},"inLanguage":"es-ES","potentialAction":[{"@type":"ReadAction","target":["https:\/\/qualitronix.siteup.dev\/produto\/controle-remoto-para-ventilador-e-lampada-modelo-qv40\/"]}]},{"@type":"ImageObject","inLanguage":"es-ES","@id":"https:\/\/qualitronix.siteup.dev\/produto\/controle-remoto-para-ventilador-e-lampada-modelo-qv40\/#primaryimage","url":"https:\/\/qualitronix.siteup.dev\/wp-content\/uploads\/2026\/01\/QV40-1.png","contentUrl":"https:\/\/qualitronix.siteup.dev\/wp-content\/uploads\/2026\/01\/QV40-1.png","width":800,"height":600},{"@type":"BreadcrumbList","@id":"https:\/\/qualitronix.siteup.dev\/produto\/controle-remoto-para-ventilador-e-lampada-modelo-qv40\/#breadcrumb","itemListElement":[{"@type":"ListItem","position":1,"name":"Home","item":"http:\/\/qualitronix.siteup.dev\/"},{"@type":"ListItem","position":2,"name":"Produtos","item":"https:\/\/qualitronix.siteup.dev\/shop\/"},{"@type":"ListItem","position":3,"name":"Controle Remoto para Ventilador e L\u00e2mpada &#8211; Modelo: QV40"}]},{"@type":"WebSite","@id":"http:\/\/qualitronix.siteup.dev\/#website","url":"http:\/\/qualitronix.siteup.dev\/","name":"Qualitronix","description":"","potentialAction":[{"@type":"SearchAction","target":{"@type":"EntryPoint","urlTemplate":"http:\/\/qualitronix.siteup.dev\/?s={search_term_string}"},"query-input":{"@type":"PropertyValueSpecification","valueRequired":true,"valueName":"search_term_string"}}],"inLanguage":"es-ES"}]}},"_links":{"self":[{"href":"https:\/\/qualitronix.siteup.dev\/es\/wp-json\/wp\/v2\/product\/512","targetHints":{"allow":["GET"]}}],"collection":[{"href":"https:\/\/qualitronix.siteup.dev\/es\/wp-json\/wp\/v2\/product"}],"about":[{"href":"https:\/\/qualitronix.siteup.dev\/es\/wp-json\/wp\/v2\/types\/product"}],"replies":[{"embeddable":true,"href":"https:\/\/qualitronix.siteup.dev\/es\/wp-json\/wp\/v2\/comments?post=512"}],"wp:featuredmedia":[{"embeddable":true,"href":"https:\/\/qualitronix.siteup.dev\/es\/wp-json\/wp\/v2\/media\/516"}],"wp:attachment":[{"href":"https:\/\/qualitronix.siteup.dev\/es\/wp-json\/wp\/v2\/media?parent=512"}],"wp:term":[{"taxonomy":"product_brand","embeddable":true,"href":"https:\/\/qualitronix.siteup.dev\/es\/wp-json\/wp\/v2\/product_brand?post=512"},{"taxonomy":"product_cat","embeddable":true,"href":"https:\/\/qualitronix.siteup.dev\/es\/wp-json\/wp\/v2\/product_cat?post=512"},{"taxonomy":"product_tag","embeddable":true,"href":"https:\/\/qualitronix.siteup.dev\/es\/wp-json\/wp\/v2\/product_tag?post=512"},{"taxonomy":"linha_produto","embeddable":true,"href":"https:\/\/qualitronix.siteup.dev\/es\/wp-json\/wp\/v2\/linha_produto?post=512"}],"curies":[{"name":"wp","href":"https:\/\/api.w.org\/{rel}","templated":true}]}}